{"id":182,"date":"2021-03-14T21:04:11","date_gmt":"2021-03-14T21:04:11","guid":{"rendered":"https:\/\/profinito.hu\/?page_id=182"},"modified":"2025-06-17T07:06:00","modified_gmt":"2025-06-17T07:06:00","slug":"palyazatok","status":"publish","type":"page","link":"https:\/\/profinito.hu\/en\/palyazatok\/","title":{"rendered":"Tenders"},"content":{"rendered":"<p>[et_pb_section fb_built=&#8221;1&#8243; _builder_version=&#8221;4.16&#8243; _module_preset=&#8221;default&#8221; global_colors_info=&#8221;{}&#8221;][et_pb_row _builder_version=&#8221;4.16&#8243; _module_preset=&#8221;default&#8221; global_colors_info=&#8221;{}&#8221;][et_pb_column type=&#8221;4_4&#8243; _builder_version=&#8221;4.16&#8243; _module_preset=&#8221;default&#8221; global_colors_info=&#8221;{}&#8221;][et_pb_text _builder_version=&#8221;4.27.4&#8243; _module_preset=&#8221;default&#8221; text_font_size=&#8221;16px&#8221; hover_enabled=&#8221;0&#8243; global_colors_info=&#8221;{}&#8221; sticky_enabled=&#8221;0&#8243;]<\/p>\n<p>Hereby we want to inform you that the following applications and auctions are in progress at our company.<\/p>\n<p>Tisztelettel megk\u00e9rj\u00fck \u00d6n\u00f6ket, hogy amennyiben a p\u00e1ly\u00e1zatokkal vagy az \u00e1rver\u00e9sekkel kapcsolatosan k\u00e9rd\u00e9s\u00fck mer\u00fclne fel, azt kiz\u00e1r\u00f3lag az Elektronikus \u00c9rt\u00e9kes\u00edt\u00e9si Rendszer (<a href=\"https:\/\/eer.sztfh.hu\/\"><span>https:\/\/eer.sztfh.hu<\/span><\/a>) fel\u00fclet\u00e9n tegy\u00e9k fel az adott elj\u00e1r\u00e1sn\u00e1l.<\/p>\n<p>[\/et_pb_text][\/et_pb_column][\/et_pb_row][et_pb_row _builder_version=&#8221;4.16&#8243; _module_preset=&#8221;default&#8221; global_colors_info=&#8221;{}&#8221;][et_pb_column type=&#8221;4_4&#8243; _builder_version=&#8221;4.16&#8243; _module_preset=&#8221;default&#8221; global_colors_info=&#8221;{}&#8221;][et_pb_code _builder_version=&#8221;4.16&#8243; _module_preset=&#8221;default&#8221; global_colors_info=&#8221;{}&#8221;]<html><!-- [et_pb_line_break_holder] --><head><\/head><!-- [et_pb_line_break_holder] --><!-- [et_pb_line_break_holder] --><body onload=\"getData('https:\/\/rendszer.efoki.hu', 'EAAAADewzbER3H4xvY4v4BGoDE8Xe6sc7ncyYsTyqxP+O2Am', '4db43f89-a8cf-4988-9c4c-682096b587d0')\"><!-- [et_pb_line_break_holder] --><!-- [et_pb_line_break_holder] --><\/p>\n<div id=\"divPublicAnnouncementList\"><\/div>\n<p><!-- [et_pb_line_break_holder] --><!-- [et_pb_line_break_holder] --><script><!-- [et_pb_line_break_holder] --><!-- [et_pb_line_break_holder] -->function getData(serverAddress, databaseNameEncrypted, companiesList) {<!-- [et_pb_line_break_holder] --><!-- [et_pb_line_break_holder] -->\tvar xhttpRequest = new XMLHttpRequest();<!-- [et_pb_line_break_holder] -->\t<!-- [et_pb_line_break_holder] -->\txhttpRequest.onreadystatechange = function() {<!-- [et_pb_line_break_holder] -->\t\t <!-- [et_pb_line_break_holder] -->\t\tif (this.readyState == 4 && this.status == 200) {<!-- [et_pb_line_break_holder] -->\t\t\t<!-- [et_pb_line_break_holder] -->\t\t\t\tvar parsedJsonObject = JSON.parse(this.responseText);<!-- [et_pb_line_break_holder] -->\t\t\t\t<!-- [et_pb_line_break_holder] -->\t\t\t\tvar table = document.createElement(\"table\");<!-- [et_pb_line_break_holder] -->\t\t\t\t\t\t\t\t\t\t\t\t<!-- [et_pb_line_break_holder] -->\t\t\t\tfor (var i = 0; i < parsedJsonObject.length; i++) {<!-- [et_pb_line_break_holder] -->\t\t\t\t\t<!-- [et_pb_line_break_holder] -->\t\t\t\t\tfor (var j = 1; j < Object.values(parsedJsonObject[i]).length; j++) {<!-- [et_pb_line_break_holder] -->\t\t\t\t\t\t<!-- [et_pb_line_break_holder] -->\t\t\t\t\t\tswitch(j) {<!-- [et_pb_line_break_holder] -->\t\t\t\t\t\t\tcase 1:<!-- [et_pb_line_break_holder] -->\t\t\t\t\t\t\t\tvar tir = table.insertRow(-1);<!-- [et_pb_line_break_holder] -->\t\t\t\t\t\t\t\tvar tableCell = tir.insertCell(-1);<!-- [et_pb_line_break_holder] -->\t\t\t\t\t\t\t\ttableCell.innerHTML = \"<b><big>\"+Object.values(parsedJsonObject[i])[j]+\"<\/big><\/b>\";<!-- [et_pb_line_break_holder] -->\t\t\t\t\t\t\t\tbreak;<!-- [et_pb_line_break_holder] -->\t\t\t\t\t\t\tcase 2:<!-- [et_pb_line_break_holder] -->\t\t\t\t\t\t\tcase 3:<!-- [et_pb_line_break_holder] -->\t\t\t\t\t\t\t\tvar tir = table.insertRow(-1);<!-- [et_pb_line_break_holder] -->\t\t\t\t\t\t\t\tvar tableCell = tir.insertCell(-1);<!-- [et_pb_line_break_holder] -->\t\t\t\t\t\t\t\ttableCell.innerHTML = Object.values(parsedJsonObject[i])[j];<!-- [et_pb_line_break_holder] -->\t\t\t\t\t\t\t\tbreak;<!-- [et_pb_line_break_holder] -->\t\t\t\t\t\t\tcase 4:<!-- [et_pb_line_break_holder] -->\t\t\t\t\t\t\t\tvar tir = table.insertRow(-1);<!-- [et_pb_line_break_holder] -->\t\t\t\t\t\t\t\tvar tableCell = tir.insertCell(-1);<!-- [et_pb_line_break_holder] -->\t\t\t\t\t\t\t\ttableCell.innerHTML = \"Kapcsol\u00f3d\u00f3 dokumentum(ok) let\u00f6lt\u00e9se:\";<!-- [et_pb_line_break_holder] -->\t\t\t\t\t\t\t\t<!-- [et_pb_line_break_holder] -->\t\t\t\t\t\t\t\tfor (var k = 0; k < Object.values(parsedJsonObject[i])[j].length; k++) {<!-- [et_pb_line_break_holder] -->\t\t\t\t\t\t\t\t\tvar tir = table.insertRow(-1);\t\t\t\t\t\t\t<!-- [et_pb_line_break_holder] -->\t\t\t\t\t\t\t\t\tvar tableCell = tir.insertCell(-1);<!-- [et_pb_line_break_holder] -->\t\t\t\t\t\t\t\t\ttableCell.innerHTML = \"<a href=\\\"\"+Object.values(parsedJsonObject[i])[j][k]+\"\\\">\"+[k+1]+\". dokumentum<a>\";\t\t\t\t\t\t\t\t\t<!-- [et_pb_line_break_holder] -->\t\t\t\t\t\t\t\t}<!-- [et_pb_line_break_holder] -->\t\t\t\t\t\t\t\tbreak;\t\t\t\t\t\t\t\t\t<!-- [et_pb_line_break_holder] -->\t\t\t\t\t\t\tcase 6:<!-- [et_pb_line_break_holder] -->\t\t\t\t\t\t\t\tvar tir = table.insertRow(-1);<!-- [et_pb_line_break_holder] -->\t\t\t\t\t\t\t\tvar tableCell = tir.insertCell(-1);<!-- [et_pb_line_break_holder] -->\t\t\t\t\t\t\t\ttableCell.innerHTML = \"Kapcsol\u00f3d\u00f3 E\u00c9R link(ek):\";<!-- [et_pb_line_break_holder] -->\t\t\t\t\t\t\t\t<!-- [et_pb_line_break_holder] -->\t\t\t\t\t\t\t\tfor (var k = 0; k < Object.values(parsedJsonObject[i])[j].length; k++) {<!-- [et_pb_line_break_holder] -->\t\t\t\t\t\t\t\t\tvar tir = table.insertRow(-1);\t\t\t\t\t\t\t<!-- [et_pb_line_break_holder] -->\t\t\t\t\t\t\t\t\tvar tableCell = tir.insertCell(-1);<!-- [et_pb_line_break_holder] -->\t\t\t\t\t\t\t\t\ttableCell.innerHTML = \"<a href=\\\"\"+Object.values(parsedJsonObject[i])[j][k]+\"\\\">\"+[k+1]+\". E\u00c9R link<a>\";\t\t\t\t\t\t\t\t\t\t<!-- [et_pb_line_break_holder] -->\t\t\t\t\t\t\t\t}<!-- [et_pb_line_break_holder] -->\t\t\t\t\t\t\t\tbreak;<!-- [et_pb_line_break_holder] -->\t\t\t\t\t\t}<!-- [et_pb_line_break_holder] -->\t\t\t\t\t\t<!-- [et_pb_line_break_holder] -->\t\t\t\t\t}<!-- [et_pb_line_break_holder] --><!-- [et_pb_line_break_holder] -->\t\t\t\t\tvar tir = table.insertRow(-1);<!-- [et_pb_line_break_holder] -->\t\t\t\t\tvar tableCell = tir.insertCell(-1);<!-- [et_pb_line_break_holder] -->\t\t\t\t\ttableCell.innerHTML = \"<\/p>\n<hr>\n<p>\";<!-- [et_pb_line_break_holder] -->\t\t\t\t}<!-- [et_pb_line_break_holder] -->\t\t\t\t\t\t\t\t\t\t\t\t<!-- [et_pb_line_break_holder] -->\t\t\t\tvar divContainer = document.getElementById(\"divPublicAnnouncementList\");<!-- [et_pb_line_break_holder] -->\t\t\t\tdivContainer.appendChild(table);<!-- [et_pb_line_break_holder] --><!-- [et_pb_line_break_holder] -->\t\t}<!-- [et_pb_line_break_holder] -->\t};<!-- [et_pb_line_break_holder] -->\t\t<!-- [et_pb_line_break_holder] -->\txhttpRequest.open(\"GET\", serverAddress + \"\/api\/publicannouncementlist\/GetAnnouncementData?databaseNameEncrypted=\" + encodeURIComponent(databaseNameEncrypted) + \"&companiesList=\" + encodeURIComponent(companiesList));<!-- [et_pb_line_break_holder] -->\t<!-- [et_pb_line_break_holder] -->\txhttpRequest.send();<!-- [et_pb_line_break_holder] -->}<!-- [et_pb_line_break_holder] --><!-- [et_pb_line_break_holder] --><\/script><!-- [et_pb_line_break_holder] --><!-- [et_pb_line_break_holder] --><\/body><!-- [et_pb_line_break_holder] --><\/html>[\/et_pb_code][\/et_pb_column][\/et_pb_row][\/et_pb_section]<\/p>","protected":false},"excerpt":{"rendered":"<p>Ez\u00faton t\u00e1j\u00e9koztatjuk \u00d6n\u00f6ket, hogy t\u00e1rsas\u00e1gunkn\u00e1l az al\u00e1bbi p\u00e1ly\u00e1zatok \u00e9s \u00e1rver\u00e9sek vannak folyamatban. Tisztelettel megk\u00e9rj\u00fck \u00d6n\u00f6ket, hogy amennyiben a p\u00e1ly\u00e1zatokkal vagy az \u00e1rver\u00e9sekkel kapcsolatosan k\u00e9rd\u00e9s\u00fck mer\u00fclne fel, azt kiz\u00e1r\u00f3lag az Elektronikus \u00c9rt\u00e9kes\u00edt\u00e9si Rendszer (https:\/\/eer.sztfh.hu) fel\u00fclet\u00e9n tegy\u00e9k fel az adott elj\u00e1r\u00e1sn\u00e1l.<\/p>","protected":false},"author":1,"featured_media":0,"parent":0,"menu_order":0,"comment_status":"closed","ping_status":"closed","template":"","meta":{"_et_pb_use_builder":"on","_et_pb_old_content":"","_et_gb_content_width":"","footnotes":""},"class_list":["post-182","page","type-page","status-publish","hentry"],"_links":{"self":[{"href":"https:\/\/profinito.hu\/en\/wp-json\/wp\/v2\/pages\/182","targetHints":{"allow":["GET"]}}],"collection":[{"href":"https:\/\/profinito.hu\/en\/wp-json\/wp\/v2\/pages"}],"about":[{"href":"https:\/\/profinito.hu\/en\/wp-json\/wp\/v2\/types\/page"}],"author":[{"embeddable":true,"href":"https:\/\/profinito.hu\/en\/wp-json\/wp\/v2\/users\/1"}],"replies":[{"embeddable":true,"href":"https:\/\/profinito.hu\/en\/wp-json\/wp\/v2\/comments?post=182"}],"version-history":[{"count":10,"href":"https:\/\/profinito.hu\/en\/wp-json\/wp\/v2\/pages\/182\/revisions"}],"predecessor-version":[{"id":284,"href":"https:\/\/profinito.hu\/en\/wp-json\/wp\/v2\/pages\/182\/revisions\/284"}],"wp:attachment":[{"href":"https:\/\/profinito.hu\/en\/wp-json\/wp\/v2\/media?parent=182"}],"curies":[{"name":"wp","href":"https:\/\/api.w.org\/{rel}","templated":true}]}}