{"id":289,"date":"2025-08-25T15:48:55","date_gmt":"2025-08-25T15:48:55","guid":{"rendered":"https:\/\/profinito.hu\/?page_id=289"},"modified":"2025-08-25T16:00:05","modified_gmt":"2025-08-25T16:00:05","slug":"star-vill-ozd-kft-v-r","status":"publish","type":"page","link":"https:\/\/profinito.hu\/en\/star-vill-ozd-kft-v-r\/","title":{"rendered":"STAR-VILL \u00d3zd Kft. &#8221;v.r.&#8217;"},"content":{"rendered":"<h3 class=\"wp-block-heading\">\u00c9rt\u00e9kes\u00edt\u00e9si felh\u00edv\u00e1s<\/h3>\n\n\n\n<p>A(z) Profin\u00edt\u00f3 Felsz\u00e1mol\u00f3 Kft. (c\u00e9gjegyz\u00e9ksz\u00e1m: 01 09 358715, sz\u00e9khely: 1094 Budapest, P\u00e1va utca 8., levelez\u00e9si c\u00edm: 1450 Budapest, Pf. 164), mint a(z) <strong>STAR-VILL \u00d3zd Kft. &#8221;v.r.&#8221; (sz\u00e9khely: 3600 \u00d3zd, Gy\u00e1r \u00fat I.&nbsp; cg.: 05-09-005023) <\/strong>Miskolci T\u00f6rv\u00e9nysz\u00e9k 10.Vpk.19\/2024\/7. sz. v\u00e9gz\u00e9se \u00e1ltal kijel\u00f6lt vagyonrendez\u0151je az al\u00e1bbi ingatlant k\u00edv\u00e1nja \u00e9rt\u00e9kes\u00edteni.<\/p>\n\n\n\n<p><strong>Az ingatlan adatai:<\/strong><\/p>\n\n\n\n<p>3600 \u00d3zd 11201 hrsz.-\u00fa, kivett \u00fczemi ter\u00fclet 133\/4167-d tulajdoni h\u00e1nyada (133 m2-telek).<\/p>\n\n\n\n<p>A p\u00e1ly\u00e1zatban szerepl\u0151 vagyont\u00e1rgy becs\u00e9rt\u00e9ke \u00f6sszesen: nett\u00f3 110.000,- forint.<\/p>\n\n\n\n<figure class=\"wp-block-image size-full\"><img loading=\"lazy\" decoding=\"async\" width=\"784\" height=\"433\" src=\"https:\/\/profinito.hu\/wp-content\/uploads\/2025\/08\/image.png\" alt=\"\" class=\"wp-image-298\" srcset=\"https:\/\/profinito.hu\/wp-content\/uploads\/2025\/08\/image.png 784w, https:\/\/profinito.hu\/wp-content\/uploads\/2025\/08\/image-480x265.png 480w\" sizes=\"(min-width: 0px) and (max-width: 480px) 480px, (min-width: 481px) 784px, 100vw\" \/><\/figure>\n\n\n\n<p><strong>V\u00e9tel\u00e1r: 110.000,-Ft<\/strong><\/p>\n\n\n\n<p><strong>Az \u00e9rt\u00e9k az \u00c1FA-t nem tartalmazza<\/strong><\/p>\n\n\n\n<p>V\u00e9teli aj\u00e1nlat tehet\u0151 a Profninit\u00f3 Felsz\u00e1mol\u00f3 Kft elektronikus el\u00e9rhet\u0151s\u00e9g\u00e9n: <strong><a href=\"mailto:info@profinito.hu\">info@profinito.hu<\/a>, <\/strong>e-mail c\u00edmen,60 nap aj\u00e1nlati k\u00f6t\u00f6tts\u00e9g v\u00e1llal\u00e1sa mellett.<\/p>\n\n\n\n<p>Az ingatlanforgalmi \u00e9rt\u00e9kbecsl\u00e9s megtekint\u00e9se: <a href=\"https:\/\/www.profinito.hu\/tajekoztatok\/Star-Vill-Ozd-Kft-VR-vagyonertekeles.pdf\">Megtekint\u00e9s<\/a><\/p>","protected":false},"excerpt":{"rendered":"<p>\u00c9rt\u00e9kes\u00edt\u00e9si felh\u00edv\u00e1s A(z) Profin\u00edt\u00f3 Felsz\u00e1mol\u00f3 Kft. (c\u00e9gjegyz\u00e9ksz\u00e1m: 01 09 358715, sz\u00e9khely: 1094 Budapest, P\u00e1va utca 8., levelez\u00e9si c\u00edm: 1450 Budapest, Pf. 164), mint a(z) STAR-VILL \u00d3zd Kft. &#8221;v.r.&#8221; (sz\u00e9khely: 3600 \u00d3zd, Gy\u00e1r \u00fat I.&nbsp; cg.: 05-09-005023) Miskolci T\u00f6rv\u00e9nysz\u00e9k 10.Vpk.19\/2024\/7. sz. v\u00e9gz\u00e9se \u00e1ltal kijel\u00f6lt vagyonrendez\u0151je az al\u00e1bbi ingatlant k\u00edv\u00e1nja \u00e9rt\u00e9kes\u00edteni. Az ingatlan adatai: 3600 \u00d3zd 11201 [&hellip;]<\/p>","protected":false},"author":1,"featured_media":0,"parent":0,"menu_order":0,"comment_status":"closed","ping_status":"closed","template":"","meta":{"_et_pb_use_builder":"","_et_pb_old_content":"","_et_gb_content_width":"","footnotes":""},"class_list":["post-289","page","type-page","status-publish","hentry"],"_links":{"self":[{"href":"https:\/\/profinito.hu\/en\/wp-json\/wp\/v2\/pages\/289","targetHints":{"allow":["GET"]}}],"collection":[{"href":"https:\/\/profinito.hu\/en\/wp-json\/wp\/v2\/pages"}],"about":[{"href":"https:\/\/profinito.hu\/en\/wp-json\/wp\/v2\/types\/page"}],"author":[{"embeddable":true,"href":"https:\/\/profinito.hu\/en\/wp-json\/wp\/v2\/users\/1"}],"replies":[{"embeddable":true,"href":"https:\/\/profinito.hu\/en\/wp-json\/wp\/v2\/comments?post=289"}],"version-history":[{"count":4,"href":"https:\/\/profinito.hu\/en\/wp-json\/wp\/v2\/pages\/289\/revisions"}],"predecessor-version":[{"id":302,"href":"https:\/\/profinito.hu\/en\/wp-json\/wp\/v2\/pages\/289\/revisions\/302"}],"wp:attachment":[{"href":"https:\/\/profinito.hu\/en\/wp-json\/wp\/v2\/media?parent=289"}],"curies":[{"name":"wp","href":"https:\/\/api.w.org\/{rel}","templated":true}]}}