{"id":291,"date":"2025-08-25T15:49:17","date_gmt":"2025-08-25T15:49:17","guid":{"rendered":"https:\/\/profinito.hu\/?page_id=291"},"modified":"2025-08-25T16:14:33","modified_gmt":"2025-08-25T16:14:33","slug":"jaszszentlaszloi-mezogazdasagi-szovetkezet-v-r","status":"publish","type":"page","link":"https:\/\/profinito.hu\/en\/jaszszentlaszloi-mezogazdasagi-szovetkezet-v-r\/","title":{"rendered":"J\u00e1szszentl\u00e1szl\u00f3i Mez\u0151gazdas\u00e1gi Sz\u00f6vetkezet &#8221;v.r.&#8221;"},"content":{"rendered":"<h3 class=\"wp-block-heading\">\u00c9rt\u00e9kes\u00edt\u00e9si felh\u00edv\u00e1s<\/h3>\n\n\n\n<p>A(z) Profin\u00edt\u00f3 Felsz\u00e1mol\u00f3 Kft. (c\u00e9gjegyz\u00e9ksz\u00e1m: 01 09 358715, sz\u00e9khely: 1094 Budapest, P\u00e1va utca 8., levelez\u00e9si c\u00edm: 1450 Budapest, Pf. 164), mint a(z) <strong>J\u00e1szszentl\u00e1szl\u00f3i Mez\u0151gazdas\u00e1gi Sz\u00f6vetkezet &#8221;v.r.&#8221; (sz\u00e9khely: 6133 J\u00e1szszentl\u00e1szl\u00f3, R\u00e1k\u00f3czi utca 20.&nbsp; cg.: 03-02-000233)<\/strong> Kecskem\u00e9ti T\u00f6rv\u00e9nysz\u00e9k 13.Vpk.5\/2024\/4. sz. v\u00e9gz\u00e9se \u00e1ltal kijel\u00f6lt vagyonrendez\u0151je az al\u00e1bbi ingatlanokat k\u00edv\u00e1nja \u00e9rt\u00e9kes\u00edteni.<\/p>\n\n\n\n<p><strong>Az ingatlanok adatai:<\/strong><\/p>\n\n\n\n<div class=\"wp-block-columns is-layout-flex wp-container-core-columns-is-layout-9d6595d7 wp-block-columns-is-layout-flex\">\n<div class=\"wp-block-column is-layout-flow wp-block-column-is-layout-flow\" style=\"flex-basis:100%\">\n<figure class=\"wp-block-table\"><table><tbody><tr><td colspan=\"7\">J\u00c1SZSZENTL\u00c1SZL\u00d3I MGTSZ.v.r.a. \/6133 J\u00c1SZSZENTL\u00c1SZL\u00d3 Hunyadi utca 12.\/<\/td><\/tr><tr><td>&nbsp;<\/td><td>C\u00edm, hrsz.<\/td><td>Megnevez\u00e9s<\/td><td>Ter. m<sup>2<\/sup><\/td><td>Fajlagos \u00e9. Ft\/m<sup>2<\/sup><\/td><td>Forg. \u00e9. Ft\/m<sup>2<\/sup><\/td><td>Jelemz\u0151k<\/td><\/tr><tr><td>01<\/td><td>J\u00e1szszentl\u00e1szl\u00f3 k\u00fclt. 02\/2<\/td><td>Kivett s\u00e1v<\/td><td>3 431<\/td><td>15<\/td><td>50 000<\/td><td>Szab\u00e1lytalan geometri\u00e1j\u00fa konk\u00e1v, hossz\u00edtott teleks\u00e1v, k\u00f6z\u00fatkapcsolat, \u00e9s k\u00f6zm\u0171alternat\u00edv\u00e1k n\u00e9lk\u00fcl. Ter\u00fclet\u00e9nek kb. 30%-\u00e1n spont\u00e1n kialakult elsz\u00f3rt fa\u00e1llom\u00e1ny tal\u00e1lhat\u00f3.<\/td><\/tr><tr><td>02<\/td><td>J\u00e1szszentl\u00e1szl\u00f3 k\u00fclt. 02\/5<\/td><td>Kivett s\u00e1v<\/td><td>1 588<\/td><td>16<\/td><td>25 000<\/td><td>Szab\u00e1lytalan geometri\u00e1j\u00fa konk\u00e1v, hossz\u00edtott teleks\u00e1v, k\u00f6z\u00fatkapcsolat, \u00e9s k\u00f6zm\u0171alternat\u00edv\u00e1k n\u00e9lk\u00fcl. Ter\u00fclet\u00e9nek kb. 10-15%-\u00e1n spont\u00e1n kialakult elsz\u00f3rt fa\u00e1llom\u00e1ny tal\u00e1lhat\u00f3.<\/td><\/tr><tr><td>03<\/td><td>J\u00e1szszentl\u00e1szl\u00f3 k\u00fclt. 02\/6<\/td><td>Kivett s\u00e1v<\/td><td>587<\/td><td>15<\/td><td>9 000<\/td><td>Szab\u00e1lytalan geometri\u00e1j\u00fa konk\u00e1v, hossz\u00edtott teleks\u00e1v, k\u00f6z\u00fatkapcsolat, \u00e9s k\u00f6zm\u0171alternat\u00edv\u00e1k n\u00e9lk\u00fcl. Ter\u00fclete term\u00e9szetben j\u00f3r\u00e9szt gyep.<\/td><\/tr><tr><td>04<\/td><td>J\u00e1szszentl\u00e1szl\u00f3 k\u00fclt. 02\/7<\/td><td>Kivett s\u00e1v<\/td><td>1 619<\/td><td>15<\/td><td>25 000<\/td><td>Telekgeometri\u00e1ja er\u0151sen megny\u00falt h\u00e1romsz\u00f6g, ter\u00fclete term\u00e9szetben j\u00f3r\u00e9szt gyep, illetve elsz\u00f3rt fa, k\u00f6z\u00fatkapcsolat, \u00e9s k\u00f6zm\u0171alternat\u00edv\u00e1k n\u00e9lk\u00fcli.<\/td><\/tr><tr><td>05<\/td><td>J\u00e1szszentl\u00e1szl\u00f3 k\u00fclt. 02\/8<\/td><td>Kivett s\u00e1v<\/td><td>289<\/td><td>14<\/td><td>4 000<\/td><td>Trap\u00e9z alak\u00fa \u00fcres f\u00f6ldter\u00fclet k\u00f6z\u00fatkapcsolat, \u00e9s k\u00f6zm\u0171alternat\u00edv\u00e1k n\u00e9lk\u00fcl.<\/td><\/tr><tr><td>06<\/td><td>J\u00e1szszentl\u00e1szl\u00f3 k\u00fclt. 087\/4<\/td><td>Kivett s\u00e1v<\/td><td>36<\/td><td>14<\/td><td>500<\/td><td>Er\u0151sen megny\u00falt \u00fcres ter\u00fclet, h\u00e1romsz\u00f6g alak\u00fa ter\u00fclete s\u00edk, \u00fcres, term\u00e9szetben j\u00f3r\u00e9szt gyep. K\u00f6zm\u0171alternat\u00edv\u00e1k \u00e9s k\u0151z\u00fatkapcsolat n\u00e9lk\u00fcli. Kis alapter\u00fclete a k\u00f6rnyezetbe integr\u00e1lhat\u00f3 haszn\u00e1lati m\u00f3dokat er\u0151sen korl\u00e1tozza!!<\/td><\/tr><tr><td>07<\/td><td>J\u00e1szszentl\u00e1szl\u00f3 k\u00fclt. 087\/6<\/td><td>Kivett s\u00e1v<\/td><td>258<\/td><td>16<\/td><td>4 000<\/td><td>Er\u0151sen megny\u00falt trap\u00e9z alak\u00fa ter\u00fclet, ter\u00fclete s\u00edk, \u00fcres, term\u00e9szetben&nbsp; gyep. K\u00f6zm\u0171alternat\u00edv\u00e1k \u00e9s k\u0151z\u00fatkapcsolat n\u00e9lk\u00fcli. Kis alapter\u00fclete a k\u00f6rnyezetbe integr\u00e1lhat\u00f3 haszn\u00e1lati m\u00f3dokat er\u0151sen korl\u00e1tozza!!<\/td><\/tr><tr><td>08<\/td><td>J\u00e1szszentl\u00e1szl\u00f3 k\u00fclt. 087\/11<\/td><td>Kivett s\u00e1v<\/td><td>789<\/td><td>13<\/td><td>10 000<\/td><td>Kifejezetten rossz ar\u00e1ny\u00fa, megny\u00falt, v\u00e9gein hegyessz\u00f6gben z\u00e1r\u00f3d\u00f3 teleks\u00e1v. Kis alapter\u00fclete, \u00e9s telekalakja a k\u00f6rnyezetbe illeszthet\u0151 haszn\u00e1lati m\u00f3dokat er\u0151sen korl\u00e1tozza!!<\/td><\/tr><tr><td>09<\/td><td>Pet\u0151fisz\u00e1ll\u00e1s k\u00fclt. 044\/15<\/td><td>Kivett saj\u00e1t haszn\u00e1lat\u00fa \u00fat<\/td><td>4 622<\/td><td>10<\/td><td>45 000<\/td><td>Hossz\u00edtott, kekeny teleks\u00e1v, nyomvonal\u00e1ban h\u00e1rom &#8222;t\u00f6r\u00e9ssel&#8221;. Felsz\u00edn\u00e9n r\u00e9szben f\u00e1sul\u00e1s tal\u00e1lhat\u00f3.<\/td><\/tr><tr><td>&nbsp;<\/td><td colspan=\"2\"><strong>\u00d6SSZESEN<\/strong><\/td><td><strong>13 219<\/strong><\/td><td><strong>&nbsp;<\/strong><\/td><td><strong>172 500<\/strong><\/td><td>&nbsp;<\/td><\/tr><\/tbody><\/table><\/figure>\n<\/div>\n<\/div>\n\n\n\n<p><strong>Becs\u00e9rt\u00e9k: 172.500,-Ft<\/strong><\/p>\n\n\n\n<p>V\u00e9teli aj\u00e1nlat tehet\u0151 a Profninit\u00f3 Felsz\u00e1mol\u00f3 Kft elektronikus el\u00e9rhet\u0151s\u00e9g\u00e9n: <strong><a href=\"mailto:info@profinito.hu\">info@profinito.hu<\/a>, <\/strong>e-mail c\u00edmen,60 nap aj\u00e1nlati k\u00f6t\u00f6tts\u00e9g v\u00e1llal\u00e1sa mellett.<\/p>\n\n\n\n<p>Gal\u00e9ria<\/p>\n\n\n\n<figure class=\"wp-block-gallery has-nested-images columns-default is-cropped wp-block-gallery-1 is-layout-flex wp-block-gallery-is-layout-flex\">\n<figure class=\"wp-block-image size-large\"><img loading=\"lazy\" decoding=\"async\" width=\"1024\" height=\"508\" data-id=\"304\" src=\"https:\/\/profinito.hu\/wp-content\/uploads\/2025\/08\/Psz.-044_15-1024x508.jpg\" alt=\"\" class=\"wp-image-304\" srcset=\"https:\/\/profinito.hu\/wp-content\/uploads\/2025\/08\/Psz.-044_15-1024x508.jpg 1024w, https:\/\/profinito.hu\/wp-content\/uploads\/2025\/08\/Psz.-044_15-980x486.jpg 980w, https:\/\/profinito.hu\/wp-content\/uploads\/2025\/08\/Psz.-044_15-480x238.jpg 480w\" sizes=\"(min-width: 0px) and (max-width: 480px) 480px, (min-width: 481px) and (max-width: 980px) 980px, (min-width: 981px) 1024px, 100vw\" \/><\/figure>\n\n\n\n<figure class=\"wp-block-image size-large\"><img loading=\"lazy\" decoding=\"async\" width=\"664\" height=\"624\" data-id=\"305\" src=\"https:\/\/profinito.hu\/wp-content\/uploads\/2025\/08\/Jsz.-02_5-6-7.jpg\" alt=\"\" class=\"wp-image-305\" srcset=\"https:\/\/profinito.hu\/wp-content\/uploads\/2025\/08\/Jsz.-02_5-6-7.jpg 664w, https:\/\/profinito.hu\/wp-content\/uploads\/2025\/08\/Jsz.-02_5-6-7-480x451.jpg 480w\" sizes=\"(min-width: 0px) and (max-width: 480px) 480px, (min-width: 481px) 664px, 100vw\" \/><\/figure>\n\n\n\n<figure class=\"wp-block-image size-large\"><img loading=\"lazy\" decoding=\"async\" width=\"746\" height=\"598\" data-id=\"306\" src=\"https:\/\/profinito.hu\/wp-content\/uploads\/2025\/08\/Jsz.-02_8.jpg\" alt=\"\" class=\"wp-image-306\" srcset=\"https:\/\/profinito.hu\/wp-content\/uploads\/2025\/08\/Jsz.-02_8.jpg 746w, https:\/\/profinito.hu\/wp-content\/uploads\/2025\/08\/Jsz.-02_8-480x385.jpg 480w\" sizes=\"(min-width: 0px) and (max-width: 480px) 480px, (min-width: 481px) 746px, 100vw\" \/><\/figure>\n\n\n\n<figure class=\"wp-block-image size-large\"><img loading=\"lazy\" decoding=\"async\" width=\"518\" height=\"603\" data-id=\"303\" src=\"https:\/\/profinito.hu\/wp-content\/uploads\/2025\/08\/Jsz.-087_4.jpg\" alt=\"\" class=\"wp-image-303\" srcset=\"https:\/\/profinito.hu\/wp-content\/uploads\/2025\/08\/Jsz.-087_4.jpg 518w, https:\/\/profinito.hu\/wp-content\/uploads\/2025\/08\/Jsz.-087_4-480x559.jpg 480w\" sizes=\"(min-width: 0px) and (max-width: 480px) 480px, (min-width: 481px) 518px, 100vw\" \/><\/figure>\n\n\n\n<figure class=\"wp-block-image size-large\"><img loading=\"lazy\" decoding=\"async\" width=\"905\" height=\"603\" data-id=\"307\" src=\"https:\/\/profinito.hu\/wp-content\/uploads\/2025\/08\/Jsz.-087_6.jpg\" alt=\"\" class=\"wp-image-307\" srcset=\"https:\/\/profinito.hu\/wp-content\/uploads\/2025\/08\/Jsz.-087_6.jpg 905w, https:\/\/profinito.hu\/wp-content\/uploads\/2025\/08\/Jsz.-087_6-480x320.jpg 480w\" sizes=\"(min-width: 0px) and (max-width: 480px) 480px, (min-width: 481px) 905px, 100vw\" \/><\/figure>\n\n\n\n<figure class=\"wp-block-image size-large\"><img loading=\"lazy\" decoding=\"async\" width=\"388\" height=\"664\" data-id=\"308\" src=\"https:\/\/profinito.hu\/wp-content\/uploads\/2025\/08\/Jsz.-087_11.jpg\" alt=\"\" class=\"wp-image-308\" srcset=\"https:\/\/profinito.hu\/wp-content\/uploads\/2025\/08\/Jsz.-087_11.jpg 388w, https:\/\/profinito.hu\/wp-content\/uploads\/2025\/08\/Jsz.-087_11-175x300.jpg 175w, https:\/\/profinito.hu\/wp-content\/uploads\/2025\/08\/Jsz.-087_11-7x12.jpg 7w\" sizes=\"(max-width: 388px) 100vw, 388px\" \/><\/figure>\n<\/figure>","protected":false},"excerpt":{"rendered":"<p>\u00c9rt\u00e9kes\u00edt\u00e9si felh\u00edv\u00e1s A(z) Profin\u00edt\u00f3 Felsz\u00e1mol\u00f3 Kft. (c\u00e9gjegyz\u00e9ksz\u00e1m: 01 09 358715, sz\u00e9khely: 1094 Budapest, P\u00e1va utca 8., levelez\u00e9si c\u00edm: 1450 Budapest, Pf. 164), mint a(z) J\u00e1szszentl\u00e1szl\u00f3i Mez\u0151gazdas\u00e1gi Sz\u00f6vetkezet &#8221;v.r.&#8221; (sz\u00e9khely: 6133 J\u00e1szszentl\u00e1szl\u00f3, R\u00e1k\u00f3czi utca 20.&nbsp; cg.: 03-02-000233) Kecskem\u00e9ti T\u00f6rv\u00e9nysz\u00e9k 13.Vpk.5\/2024\/4. sz. v\u00e9gz\u00e9se \u00e1ltal kijel\u00f6lt vagyonrendez\u0151je az al\u00e1bbi ingatlanokat k\u00edv\u00e1nja \u00e9rt\u00e9kes\u00edteni. Az ingatlanok adatai: J\u00c1SZSZENTL\u00c1SZL\u00d3I MGTSZ.v.r.a. \/6133 [&hellip;]<\/p>","protected":false},"author":1,"featured_media":0,"parent":0,"menu_order":0,"comment_status":"closed","ping_status":"closed","template":"","meta":{"_et_pb_use_builder":"","_et_pb_old_content":"","_et_gb_content_width":"","footnotes":""},"class_list":["post-291","page","type-page","status-publish","hentry"],"_links":{"self":[{"href":"https:\/\/profinito.hu\/en\/wp-json\/wp\/v2\/pages\/291","targetHints":{"allow":["GET"]}}],"collection":[{"href":"https:\/\/profinito.hu\/en\/wp-json\/wp\/v2\/pages"}],"about":[{"href":"https:\/\/profinito.hu\/en\/wp-json\/wp\/v2\/types\/page"}],"author":[{"embeddable":true,"href":"https:\/\/profinito.hu\/en\/wp-json\/wp\/v2\/users\/1"}],"replies":[{"embeddable":true,"href":"https:\/\/profinito.hu\/en\/wp-json\/wp\/v2\/comments?post=291"}],"version-history":[{"count":3,"href":"https:\/\/profinito.hu\/en\/wp-json\/wp\/v2\/pages\/291\/revisions"}],"predecessor-version":[{"id":311,"href":"https:\/\/profinito.hu\/en\/wp-json\/wp\/v2\/pages\/291\/revisions\/311"}],"wp:attachment":[{"href":"https:\/\/profinito.hu\/en\/wp-json\/wp\/v2\/media?parent=291"}],"curies":[{"name":"wp","href":"https:\/\/api.w.org\/{rel}","templated":true}]}}