{"id":319,"date":"2026-01-06T12:43:09","date_gmt":"2026-01-06T12:43:09","guid":{"rendered":"https:\/\/profinito.hu\/?page_id=319"},"modified":"2026-01-06T13:17:55","modified_gmt":"2026-01-06T13:17:55","slug":"csodeljaras","status":"publish","type":"page","link":"https:\/\/profinito.hu\/en\/csodeljaras\/","title":{"rendered":"Bankruptcy proceedings"},"content":{"rendered":"<h5 class=\"wp-block-heading\"><\/h5>\n\n\n\n<p>Dear Creditors!<\/p>\n\n\n\n<p><br>Cs\u0151delj\u00e1r\u00e1sban a Cstv. 12. \u00a7 1) bek. szerint a k\u00f6vetel\u00e9s nyilv\u00e1ntart\u00e1sba v\u00e9tel\u00e9nek felt\u00e9tele, hogy annak 1%-\u00e1t, de legal\u00e1bb 10.000 forintot \u00e9s legfeljebb 200.000 forintot nyilv\u00e1ntart\u00e1sba v\u00e9teli d\u00edjk\u00e9nt megfizessen a vagyonfel\u00fcgyel\u0151 elk\u00fcl\u00f6n\u00edtetten vezetett sz\u00e1ml\u00e1j\u00e1ra.<\/p>\n\n\n\n<p><br>A <strong>CONET Sz\u00e1m\u00edt\u00f3g\u00e9p \u00e9s H\u00e1l\u00f3zatfejleszt\u0151 Kft. \u201dcs.a.\u201d<\/strong> (8800 Nagykanizsa, Munk\u00e1s \u00fat 8\/A. II\/7., 20-09-079823) cs\u0151delj\u00e1r\u00e1s\u00e1ban a nyilv\u00e1ntart\u00e1sba v\u00e9teli d\u00edjat a vagyonfel\u00fcgyel\u0151 Raiffeisen Bank Zrt-n\u00e9l vezetett <strong>12012204-01757938-00200008<\/strong> sz. banksz\u00e1ml\u00e1j\u00e1ra sz\u00edveskedjenek befizetni, CONET Kft.\u201dcs.a.\u201d k\u00f6zlem\u00e9nnyel.<\/p>","protected":false},"excerpt":{"rendered":"<p>Tisztelt Hitelez\u0151! Cs\u0151delj\u00e1r\u00e1sban a Cstv. 12. \u00a7 1) bek. szerint a k\u00f6vetel\u00e9s nyilv\u00e1ntart\u00e1sba v\u00e9tel\u00e9nek felt\u00e9tele, hogy annak 1%-\u00e1t, de legal\u00e1bb 10.000 forintot \u00e9s legfeljebb 200.000 forintot nyilv\u00e1ntart\u00e1sba v\u00e9teli d\u00edjk\u00e9nt megfizessen a vagyonfel\u00fcgyel\u0151 elk\u00fcl\u00f6n\u00edtetten vezetett sz\u00e1ml\u00e1j\u00e1ra. A CONET Sz\u00e1m\u00edt\u00f3g\u00e9p \u00e9s H\u00e1l\u00f3zatfejleszt\u0151 Kft. \u201dcs.a.\u201d (8800 Nagykanizsa, Munk\u00e1s \u00fat 8\/A. II\/7., 20-09-079823) cs\u0151delj\u00e1r\u00e1s\u00e1ban a nyilv\u00e1ntart\u00e1sba v\u00e9teli d\u00edjat a [&hellip;]<\/p>","protected":false},"author":1,"featured_media":0,"parent":0,"menu_order":0,"comment_status":"closed","ping_status":"closed","template":"","meta":{"_et_pb_use_builder":"","_et_pb_old_content":"","_et_gb_content_width":"","footnotes":""},"class_list":["post-319","page","type-page","status-publish","hentry"],"_links":{"self":[{"href":"https:\/\/profinito.hu\/en\/wp-json\/wp\/v2\/pages\/319","targetHints":{"allow":["GET"]}}],"collection":[{"href":"https:\/\/profinito.hu\/en\/wp-json\/wp\/v2\/pages"}],"about":[{"href":"https:\/\/profinito.hu\/en\/wp-json\/wp\/v2\/types\/page"}],"author":[{"embeddable":true,"href":"https:\/\/profinito.hu\/en\/wp-json\/wp\/v2\/users\/1"}],"replies":[{"embeddable":true,"href":"https:\/\/profinito.hu\/en\/wp-json\/wp\/v2\/comments?post=319"}],"version-history":[{"count":4,"href":"https:\/\/profinito.hu\/en\/wp-json\/wp\/v2\/pages\/319\/revisions"}],"predecessor-version":[{"id":326,"href":"https:\/\/profinito.hu\/en\/wp-json\/wp\/v2\/pages\/319\/revisions\/326"}],"wp:attachment":[{"href":"https:\/\/profinito.hu\/en\/wp-json\/wp\/v2\/media?parent=319"}],"curies":[{"name":"wp","href":"https:\/\/api.w.org\/{rel}","templated":true}]}}