{"id":43,"date":"2021-03-07T11:02:46","date_gmt":"2021-03-07T11:02:46","guid":{"rendered":"https:\/\/profinito.hu\/?page_id=43"},"modified":"2021-03-21T06:06:50","modified_gmt":"2021-03-21T06:06:50","slug":"eljarasok","status":"publish","type":"page","link":"https:\/\/profinito.hu\/en\/eljarasok\/","title":{"rendered":"Proceedings"},"content":{"rendered":"<p>[et_pb_section fb_built=&#8221;1&#8243; _builder_version=&#8221;4.9.1&#8243; _module_preset=&#8221;default&#8221;][et_pb_row _builder_version=&#8221;4.9.1&#8243; _module_preset=&#8221;default&#8221;][et_pb_column type=&#8221;4_4&#8243; _builder_version=&#8221;4.9.1&#8243; _module_preset=&#8221;default&#8221;][et_pb_text _builder_version=&#8221;4.9.1&#8243; _module_preset=&#8221;default&#8221; text_font_size=&#8221;16px&#8221;]<\/p>\n<p>Dear Creditors!<\/p>\n<p>We hereby inform you that the Profinit\u00f3 Felsz\u00e1mol\u00f3 Kft has been designated in the procedures below.<\/p>\n<p>[\/et_pb_text][\/et_pb_column][\/et_pb_row][et_pb_row _builder_version=&#8221;4.9.1&#8243; _module_preset=&#8221;default&#8221;][et_pb_column type=&#8221;4_4&#8243; _builder_version=&#8221;4.9.1&#8243; _module_preset=&#8221;default&#8221;][et_pb_code _builder_version=&#8221;4.9.1&#8243; _module_preset=&#8221;default&#8221; hover_enabled=&#8221;0&#8243; sticky_enabled=&#8221;0&#8243;]<html><!-- [et_pb_line_break_holder] --><head><!-- [et_pb_line_break_holder] --><meta http-equiv=\"Content-Type\" content=\"text\/html; charset=utf-8\"><!-- [et_pb_line_break_holder] --><link rel=\"stylesheet\" type=\"text\/css\" href=\"efoki.css\">  <!-- [et_pb_line_break_holder] --><\/head><!-- [et_pb_line_break_holder] --><body><!-- [et_pb_line_break_holder] --><\/p>\n<table width=\"100%\" bgcolor=\"#2fa3f2\" border=\"0\" cellspacing=\"0\" cellpadding=\"0\"><!-- [et_pb_line_break_holder] -->  <\/p>\n<tr><!-- [et_pb_line_break_holder] -->    <\/p>\n<td height=\"40\"><span class=\"fejlec\"><\/p>\n<div align=\"center\"><strong><font color=\"#FFFFFF\">Proceedings<\/div>\n<p><\/br><\/td>\n<p><!-- [et_pb_line_break_holder] -->  <\/tr>\n<p><!-- [et_pb_line_break_holder] --><\/table>\n<p><!-- [et_pb_line_break_holder] --><\/p>\n<div><!-- [et_pb_line_break_holder] --><\/p>\n<div style=\"height: 30px;\"><!-- [et_pb_line_break_holder] --><input type=\"text\" class=\"keressss\" id=\"kereso\" onkeyup=\"javascript: kereses();\" placeholder=\"Search...\" \/><!-- [et_pb_line_break_holder] --><\/div>\n<p><!-- [et_pb_line_break_holder] --><!\u2013- [et_pb_br_holder] -\u2013><!-- [et_pb_line_break_holder] --><\/p>\n<div style=\"overflow-x: scroll;\"><!-- [et_pb_line_break_holder] --><\/p>\n<div id=\"divPublicProceedingList\"><\/div>\n<p><!-- [et_pb_line_break_holder] --><\/div>\n<p><!-- [et_pb_line_break_holder] --><\/div>\n<p><!-- [et_pb_line_break_holder] --><script type=\"text\/javascript\" src=\"https:\/\/rendszer.efoki.hu\/Scripts\/publicpagemethods.js\"><\/script><!-- [et_pb_line_break_holder] --><script type=\"text\/javascript\"><!-- [et_pb_line_break_holder] -->\tGetDatas('EAAAADewzbER3H4xvY4v4BGoDE8Xe6sc7ncyYsTyqxP+O2Am', 2, 'proceedingType,proceedingName,proceedingClientHomeAddress,proceedingClientRegNumber,proceedingResponsibleName,companyMailAddress,proceedingDisclosure,proceedingFinish', 'https:\/\/rendszer.efoki.hu', 'proceedingDisclosure',true, '1,2,4,5,6','4db43f89-a8cf-4988-9c4c-682096b587d0','','')<!-- [et_pb_line_break_holder] --><\/script><!-- [et_pb_line_break_holder] --><\/p>\n<style><!-- [et_pb_line_break_holder] -->    tr:nth-child(even){<!-- [et_pb_line_break_holder] -->    background-color: rgb(235,235,235);<!-- [et_pb_line_break_holder] -->    }<!-- [et_pb_line_break_holder] -->    table {<!-- [et_pb_line_break_holder] -->        border-collapse: collapse;<!-- [et_pb_line_break_holder] -->        border-spacing: 0;<!-- [et_pb_line_break_holder] -->        border: 1px solid rgb(221,221,221);\t<!-- [et_pb_line_break_holder] -->        font-family: Verdana, Arial, Helvetica, sans-serif;<!-- [et_pb_line_break_holder] -->        font-size: 13px;<!-- [et_pb_line_break_holder] -->    }<!-- [et_pb_line_break_holder] -->    .keressss {<!-- [et_pb_line_break_holder] -->    \tpadding: 12px 20px;<!-- [et_pb_line_break_holder] -->        margin: 0;<!-- [et_pb_line_break_holder] -->        box-sizing: border-box;<!-- [et_pb_line_break_holder] -->    }<!-- [et_pb_line_break_holder] --><\/style>\n<p><!-- [et_pb_line_break_holder] --><\/body><!-- [et_pb_line_break_holder] --><\/html><!-- [et_pb_line_break_holder] --><!-- [et_pb_line_break_holder] --><!-- [et_pb_line_break_holder] --><!-- [et_pb_line_break_holder] --><!-- [et_pb_line_break_holder] --><!-- [et_pb_line_break_holder] -->[\/et_pb_code][\/et_pb_column][\/et_pb_row][\/et_pb_section]<\/p>","protected":false},"excerpt":{"rendered":"<p>Tisztelt Hitelez\u0151! Ez\u00faton t\u00e1j\u00e9koztatjuk \u00d6n\u00f6ket, hogy a Profinit\u00f3 Felsz\u00e1mol\u00f3 Kft. az al\u00e1bbi elj\u00e1r\u00e1sokban ker\u00fclt kinevez\u00e9sre.<\/p>","protected":false},"author":1,"featured_media":0,"parent":0,"menu_order":0,"comment_status":"closed","ping_status":"closed","template":"","meta":{"_et_pb_use_builder":"on","_et_pb_old_content":"","_et_gb_content_width":"","footnotes":""},"class_list":["post-43","page","type-page","status-publish","hentry"],"_links":{"self":[{"href":"https:\/\/profinito.hu\/en\/wp-json\/wp\/v2\/pages\/43","targetHints":{"allow":["GET"]}}],"collection":[{"href":"https:\/\/profinito.hu\/en\/wp-json\/wp\/v2\/pages"}],"about":[{"href":"https:\/\/profinito.hu\/en\/wp-json\/wp\/v2\/types\/page"}],"author":[{"embeddable":true,"href":"https:\/\/profinito.hu\/en\/wp-json\/wp\/v2\/users\/1"}],"replies":[{"embeddable":true,"href":"https:\/\/profinito.hu\/en\/wp-json\/wp\/v2\/comments?post=43"}],"version-history":[{"count":6,"href":"https:\/\/profinito.hu\/en\/wp-json\/wp\/v2\/pages\/43\/revisions"}],"predecessor-version":[{"id":206,"href":"https:\/\/profinito.hu\/en\/wp-json\/wp\/v2\/pages\/43\/revisions\/206"}],"wp:attachment":[{"href":"https:\/\/profinito.hu\/en\/wp-json\/wp\/v2\/media?parent=43"}],"curies":[{"name":"wp","href":"https:\/\/api.w.org\/{rel}","templated":true}]}}