{"id":47,"date":"2021-03-07T11:03:14","date_gmt":"2021-03-07T11:03:14","guid":{"rendered":"https:\/\/profinito.hu\/?page_id=47"},"modified":"2026-01-16T08:41:10","modified_gmt":"2026-01-16T08:41:10","slug":"szamlaszamok","status":"publish","type":"page","link":"https:\/\/profinito.hu\/en\/szamlaszamok\/","title":{"rendered":"Account numbers"},"content":{"rendered":"<div class=\"vc_row wpb_row vc_row-fluid\"><div class=\"wpb_column vc_column_container vc_col-sm-12\"><div class=\"vc_column-inner\"><div class=\"wpb_wrapper\">\n\t<div class=\"wpb_text_column wpb_content_element\" >\n\t\t<div class=\"wpb_wrapper\">\n\t\t\t<p>[et_pb_section fb_built=&#8221;1&#8243; admin_label=&#8221;Page Title Section&#8221; _builder_version=&#8221;4.9.1&#8243; use_background_color_gradient=&#8221;on&#8221; background_color_gradient_start=&#8221;#6b73ff&#8221; background_color_gradient_end=&#8221;#000dff&#8221; background_color_gradient_direction=&#8221;100deg&#8221; custom_padding=&#8221;100px||100px|&#8221; hover_enabled=&#8221;0&#8243; sticky_enabled=&#8221;0&#8243; background_enable_image=&#8221;off&#8221;][et_pb_row admin_label=&#8221;Page Title Area&#8221; _builder_version=&#8221;3.25&#8243; hover_enabled=&#8221;0&#8243; sticky_enabled=&#8221;0&#8243;][et_pb_column type=&#8221;4_4&#8243; _builder_version=&#8221;3.25&#8243; custom_padding=&#8221;|||&#8221; custom_padding__hover=&#8221;|||&#8221;][et_pb_text admin_label=&#8221;Title&#8221; _builder_version=&#8221;4.9.1&#8243; text_font=&#8221;Poppins||||||||&#8221; text_font_size=&#8221;18px&#8221; text_line_height=&#8221;1.8em&#8221; header_font=&#8221;Poppins|600|||||||&#8221; header_font_size=&#8221;48px&#8221; header_line_height=&#8221;1.4em&#8221; header_2_font=&#8221;||||||||&#8221; text_orientation=&#8221;center&#8221; background_layout=&#8221;dark&#8221; max_width=&#8221;700px&#8221; module_alignment=&#8221;center&#8221; custom_margin=&#8221;|||&#8221; animation_style=&#8221;fade&#8221; hover_enabled=&#8221;0&#8243; sticky_enabled=&#8221;0&#8243;]<\/p>\n<h1>Account numbers<\/h1>\n<p>Please read carefully.<\/p>\n<p>[\/et_pb_text][\/et_pb_column][\/et_pb_row][\/et_pb_section][et_pb_section fb_built=&#8221;1&#8243; admin_label=&#8221;About Us Section&#8221; _builder_version=&#8221;3.22&#8243; background_size=&#8221;initial&#8221; background_position=&#8221;bottom_left&#8221; custom_padding=&#8221;90px||90px|&#8221;][et_pb_row _builder_version=&#8221;4.9.1&#8243; _module_preset=&#8221;default&#8221;][et_pb_column _builder_version=&#8221;4.9.1&#8243; _module_preset=&#8221;default&#8221; type=&#8221;4_4&#8243;][et_pb_text _builder_version=&#8221;4.9.1&#8243; _module_preset=&#8221;default&#8221; hover_enabled=&#8221;0&#8243; sticky_enabled=&#8221;0&#8243;]<\/p>\n<p><strong>Statement of irrecoverability<\/strong><\/p>\n<p>A felsz\u00e1mol\u00e1si elj\u00e1r\u00e1sokra vonatkoz\u00f3an a regisztr\u00e1ci\u00f3s d\u00edjat (a k\u00f6vetel\u00e9s \u00f6sszeg\u00e9nek 1%-a, min. 20.000 Ft, max. 400.000 Ft) az illet\u00e9kes T\u00f6rv\u00e9nysz\u00e9k Gazdas\u00e1gi Hivatala \u00e1ltal kezelt elk\u00fcl\u00f6n\u00edtett baksz\u00e1ml\u00e1ra kell megfizetni, a b\u00edr\u00f3s\u00e1gi \u00fcgysz\u00e1mra val\u00f3 hivatkoz\u00e1ssal.<\/p>\n<p>Amennyiben a nyilv\u00e1ntart\u00e1si d\u00edjat nem k\u00edv\u00e1nj\u00e1k megfizetni a felsz\u00e1mol\u00e1si elj\u00e1r\u00e1s sor\u00e1n \u00e9s k\u00f6vetel\u00e9s\u00fckr\u0151l <strong>behajthatatlans\u00e1gi nyilatkozat<\/strong> ki\u00e1ll\u00edt\u00e1s\u00e1t k\u00e9rik, akk\u00e9nt tehetik meg hogy:<\/p>\n<ul>\n<li>a nyilatkozat kiad\u00e1s\u00e1nak felt\u00e9tel\u00e9t, a 2.000 Ft + 540 Ft \u00c1FA, \u00f6sszesen\u00a0<strong>2.540 Ft<\/strong>\u00a0\u00f6sszeget k\u00e9rj\u00fck a Raiffeisen Bank Zrt. \u00e1ltal kezelt\u00a0<strong>12012204-01757938-00100001<\/strong>\u00a0sz\u00e1ml\u00e1ra \u00e1tutalni, megel\u0151legezni az ad\u00f3s t\u00e1rsas\u00e1g nev\u00e9re hivatkozva,<\/li>\n<li>a k\u00e9relemhez mell\u00e9kelj\u00e9k a d\u00edj megel\u0151legez\u00e9s\u00e9nek igazol\u00e1s\u00e1t,<\/li>\n<li>a k\u00e9relemben a k\u00f6vetel\u00e9s\u00fck \u00f6sszeg\u00e9t \u00e9s jogc\u00edm\u00e9t egyar\u00e1nt jel\u00f6lj\u00e9k meg,<\/li>\n<li>a k\u00e9relemben jel\u00f6ljenek meg elektronikus el\u00e9rhet\u0151s\u00e9get, amelyre az igazol\u00e1s \u00e9s a sz\u00e1mla megk\u00fcldhet\u0151.<\/li>\n<\/ul>\n<p>Ha a k\u00e9relem nem tartalmaz elektronikus el\u00e9rhet\u0151s\u00e9get, akkor visszautas\u00edtjuk!<\/p>\n<p>Behajthatatlans\u00e1gi igazol\u00e1st \u00e9s a d\u00edj sz\u00e1ml\u00e1j\u00e1t kiz\u00e1r\u00f3lag elektronikus form\u00e1ban tudjuk kibocs\u00e1tani!<\/p>\n<p>&nbsp;<\/p>\n<p><strong>Expense allowance<br \/>\n<\/strong>Az 1991. \u00e9vi XLIX. t\u00f6rv\u00e9ny 46. \u00a7 (7a) bekezd\u00e9se szerinti <strong>k\u00f6lts\u00e9g\u00e1tal\u00e1nyt<\/strong> &#8211; a k\u00f6vetel\u00e9s t\u0151ke\u00f6sszeg\u00e9nek 0,5%-\u00e1t, de legal\u00e1bb 5.000 Ft-ot \u00e9s legfeljebb 40.000 Ft-ot &#8211; a felsz\u00e1mol\u00f3 Raiffeisen Bank Zrt-n\u00e9l kezelt\u00a0<strong>12012204-01757938-00300005<\/strong>\u00a0sz. banksz\u00e1mlasz\u00e1m\u00e1ra, felsz\u00e1mol\u00e1s alatti c\u00e9g nev\u00e9nek megjel\u00f6l\u00e9s\u00e9vel sz\u00edveskedjenek befizetni.<\/p>\n<p>&nbsp;<\/p>\n<p><strong>Bankruptcy proceedings<br \/>\n<\/strong><strong>Cs\u0151delj\u00e1r\u00e1sokban<\/strong> a Cstv. 12. \u00a7 1) bek. szerint a k\u00f6vetel\u00e9s nyilv\u00e1ntart\u00e1sba v\u00e9tel\u00e9nek felt\u00e9tele, hogy annak 1%-a, legal\u00e1bb 10.000 forint \u00e9s legfeljebb 200.000 forint nyilv\u00e1ntart\u00e1sba v\u00e9teli d\u00edjk\u00e9nt megfizet\u00e9sre ker\u00fclj\u00f6n a vagyonfel\u00fcgyel\u0151 Raiffeisen Bank Zrt. \u00e1ltal elk\u00fcl\u00f6n\u00edtetten kezelt <strong>12012204-01757938-00200008<\/strong>\u00a0sz. sz\u00e1ml\u00e1j\u00e1ra, a cs\u0151delj\u00e1r\u00e1s alatt \u00e1ll\u00f3 c\u00e9g megnevez\u00e9s\u00e9vel.<\/p>\n<p>&nbsp;<\/p>\n<p><strong>Provisions<br \/>\n<\/strong>A hat\u00e1lyos Cstv. 26. \u00a7 rendelkez\u00e9sei alapj\u00e1n az Ad\u00f3s k\u00f6teles legal\u00e1bb 150.000 Ft <strong>c\u00e9ltartal\u00e9kot<\/strong> k\u00e9pezni a felsz\u00e1mol\u00e1si k\u00f6lts\u00e9gekre. A c\u00e9ltartal\u00e9k megfizet\u00e9s\u00e9t a Raiffeisen Bank Zrt. \u00e1ltal kezelt\u00a0<strong>12012204-01757938-00400002<\/strong>\u00a0sz. banksz\u00e1ml\u00e1j\u00e1ra teljes\u00edthetik. A k\u00f6zlem\u00e9nyben a beazonos\u00edthat\u00f3s\u00e1g \u00e9rdek\u00e9ben k\u00e9rj\u00fck, t\u00fcntess\u00e9k fel az ad\u00f3s t\u00e1rsas\u00e1g nev\u00e9t.<\/p>\n<p>&nbsp;<\/p>\n<p><strong>Liquidation<br \/>\n<\/strong>A Cstv. 46. \u00a7 (5) bekezd\u00e9sben meghat\u00e1rozott k\u00f6vetel\u00e9sek &#8211; kiv\u00e9ve az 57. \u00a7 (1) bek.\u00a0a)\u00a0\u00e9s\u00a0c)\u00a0pontj\u00e1ban foglalt k\u00f6vetel\u00e9seket, valamint a b\u0171n\u00fcgyi hitelez\u0151i ig\u00e9nybejelent\u00e9st &#8211; nyilv\u00e1ntart\u00e1sba v\u00e9tel\u00e9nek felt\u00e9tele, hogy a hitelez\u0151 a k\u00f6vetel\u00e9se t\u0151ke\u00f6sszeg\u00e9nek 1%-\u00e1t, de legal\u00e1bb 20.000 forintot \u00e9s legfeljebb 400.000 forintot a b\u00edr\u00f3s\u00e1g Gazdas\u00e1gi Hivatala \u00e1ltal kezelt (k\u00f6zz\u00e9t\u00e9teli v\u00e9gz\u00e9sen szerepl\u0151) elk\u00fcl\u00f6n\u00edtett sz\u00e1ml\u00e1ra &#8211; a b\u00edr\u00f3s\u00e1gi \u00fcgysz\u00e1mra hivatkoz\u00e1ssal &#8211; befizessen, \u00e9s ezt a felsz\u00e1mol\u00f3nak igazolja.<\/p>\n<p>[\/et_pb_text][\/et_pb_column][\/et_pb_row][\/et_pb_section]<\/p>\n\n\t\t<\/div>\n\t<\/div>\n<\/div><\/div><\/div><\/div>","protected":false},"excerpt":{"rendered":"<p><div class=\"vc_row wpb_row vc_row-fluid\"><\/div><div class=\"wpb_column vc_column_container vc_col-sm-12\"><div class=\"vc_column-inner\"><div class=\"wpb_wrapper\"><\/div><\/div><\/div>\n\t<div class=\"wpb_text_column wpb_content_element\" >\n\t\t<div class=\"wpb_wrapper\">\n\t\t\t\n\t\t<\/div>\n\t<\/div>\n Sz\u00e1mlasz\u00e1mok K\u00e9rj\u00fck figyelmesen olvassa el. Behajthatatlans\u00e1gi nyilatkozat A felsz\u00e1mol\u00e1si elj\u00e1r\u00e1sokra vonatkoz\u00f3an a regisztr\u00e1ci\u00f3s d\u00edjat (a k\u00f6vetel\u00e9s \u00f6sszeg\u00e9nek 1%-a, min. 20.000 Ft, max. 400.000 Ft) az illet\u00e9kes T\u00f6rv\u00e9nysz\u00e9k Gazdas\u00e1gi Hivatala \u00e1ltal kezelt elk\u00fcl\u00f6n\u00edtett baksz\u00e1ml\u00e1ra kell megfizetni, a b\u00edr\u00f3s\u00e1gi \u00fcgysz\u00e1mra val\u00f3 hivatkoz\u00e1ssal. Amennyiben a nyilv\u00e1ntart\u00e1si d\u00edjat nem k\u00edv\u00e1nj\u00e1k megfizetni a felsz\u00e1mol\u00e1si elj\u00e1r\u00e1s sor\u00e1n \u00e9s k\u00f6vetel\u00e9s\u00fckr\u0151l behajthatatlans\u00e1gi [&hellip;]<\/p>","protected":false},"author":1,"featured_media":0,"parent":0,"menu_order":0,"comment_status":"closed","ping_status":"closed","template":"","meta":{"_et_pb_use_builder":"on","_et_pb_old_content":"","_et_gb_content_width":"","footnotes":""},"class_list":["post-47","page","type-page","status-publish","hentry"],"_links":{"self":[{"href":"https:\/\/profinito.hu\/en\/wp-json\/wp\/v2\/pages\/47","targetHints":{"allow":["GET"]}}],"collection":[{"href":"https:\/\/profinito.hu\/en\/wp-json\/wp\/v2\/pages"}],"about":[{"href":"https:\/\/profinito.hu\/en\/wp-json\/wp\/v2\/types\/page"}],"author":[{"embeddable":true,"href":"https:\/\/profinito.hu\/en\/wp-json\/wp\/v2\/users\/1"}],"replies":[{"embeddable":true,"href":"https:\/\/profinito.hu\/en\/wp-json\/wp\/v2\/comments?post=47"}],"version-history":[{"count":14,"href":"https:\/\/profinito.hu\/en\/wp-json\/wp\/v2\/pages\/47\/revisions"}],"predecessor-version":[{"id":335,"href":"https:\/\/profinito.hu\/en\/wp-json\/wp\/v2\/pages\/47\/revisions\/335"}],"wp:attachment":[{"href":"https:\/\/profinito.hu\/en\/wp-json\/wp\/v2\/media?parent=47"}],"curies":[{"name":"wp","href":"https:\/\/api.w.org\/{rel}","templated":true}]}}