{"id":49,"date":"2021-03-07T11:03:24","date_gmt":"2021-03-07T11:03:24","guid":{"rendered":"https:\/\/profinito.hu\/?page_id=49"},"modified":"2026-01-16T08:49:56","modified_gmt":"2026-01-16T08:49:56","slug":"kapcsolat","status":"publish","type":"page","link":"https:\/\/profinito.hu\/en\/kapcsolat\/","title":{"rendered":"Contact us"},"content":{"rendered":"<div class=\"vc_row wpb_row vc_row-fluid\"><div class=\"wpb_column vc_column_container vc_col-sm-12\"><div class=\"vc_column-inner\"><div class=\"wpb_wrapper\">\n\t<div class=\"wpb_text_column wpb_content_element\" >\n\t\t<div class=\"wpb_wrapper\">\n\t\t\t<p>[et_pb_section fb_built=&#8221;1&#8243; _builder_version=&#8221;4.9.1&#8243; _module_preset=&#8221;default&#8221;][et_pb_row _builder_version=&#8221;4.9.1&#8243; _module_preset=&#8221;default&#8221;][et_pb_column type=&#8221;4_4&#8243; _builder_version=&#8221;4.9.1&#8243; _module_preset=&#8221;default&#8221;][et_pb_text _builder_version=&#8221;4.9.1&#8243; _module_preset=&#8221;default&#8221; hover_enabled=&#8221;0&#8243; sticky_enabled=&#8221;0&#8243; text_font_size=&#8221;16px&#8221;]A kialakult j\u00e1rv\u00e1ny\u00fcgyi helyzetre val\u00f3 tekintettel ez\u00faton tisztelettel megk\u00e9rj\u00fck \u00d6n\u00f6ket, hogy \u00fcgyint\u00e9z\u00e9st els\u0151dlegesen elektronikus kapcsolattart\u00e1s \u00fatj\u00e1n \u00e9s telefonos \u00fcgyint\u00e9z\u00e9s ig\u00e9nybev\u00e9tel\u00e9vel int\u00e9zz\u00e9k.<span class=\"Apple-converted-space\">\u00a0 <\/span>Protect each other and ourselves!<\/p>\n<p><strong>Company details<\/strong><\/p>\n<p>Profinit\u00f3 Felsz\u00e1mol\u00f3 Ltd.<\/p>\n<ul>\n<li>Phone number: +361-700-4220<br \/>\nH\u00e9tf\u0151, Kedd \u00e9s Cs\u00fct\u00f6rt\u00f6k: 10 &#8211; 15 \u00f3r\u00e1ig<\/li>\n<li>E-mail: <a href=\"mailto:info@profinito.hu\">info@profinito.hu<\/a><\/li>\n<li>Mailing address: 1450 Budapest, Mailbox 4.<\/li>\n<li>Residence: 1094 Budapest, P\u00e1va street 8.<br \/>\nNyitvatart\u00e1s: H\u00e9tf\u0151 &#8211; P\u00e9ntek: 10-14 \u00f3r\u00e1ig<\/li>\n<li>Branches:\n<ul>\n<li>4024 Debrecen, Iparkamara street 6.<\/li>\n<li>7100 Szeksz\u00e1rd, Zr\u00ednyi Mikl\u00f3s street 61\/B<\/li>\n<li>2900 Kom\u00e1rom, M\u00e1rt\u00edrok street 20\/A<\/li>\n<li>5900 Orosh\u00e1za, D\u00f3zsa Gy\u00f6rgy street 23.<\/li>\n<\/ul>\n<\/li>\n<\/ul>\n<p><strong>Telephone administration:\u2028<\/strong><br \/>\nH\u00e9tf\u0151, Kedd \u00e9s Cs\u00fct\u00f6rt\u00f6k<br \/>\nfrom 10 \u2013 to 15<\/p>\n<p>For personal administration you still have to make an appointment on the contact listed above.<\/p>\n<p>&nbsp;<\/p>\n<p>&nbsp;<\/p>\n<p>&nbsp;<\/p>\n<p>&nbsp;<\/p>\n<p>[\/et_pb_text][\/et_pb_column][\/et_pb_row][et_pb_row _builder_version=&#8221;4.9.1&#8243; _module_preset=&#8221;default&#8221;][et_pb_column _builder_version=&#8221;4.9.1&#8243; _module_preset=&#8221;default&#8221; type=&#8221;4_4&#8243;][et_pb_text _builder_version=&#8221;4.9.1&#8243; _module_preset=&#8221;default&#8221; hover_enabled=&#8221;0&#8243; sticky_enabled=&#8221;0&#8243;]A weboldal t\u00e1rhelyszolg\u00e1ltat\u00f3ja:<br \/>\nCOIN Ltd.<br \/>\n1153 Bp. B\u00e1cska street 15.<br \/>\ninfo@cointech.hu<\/p>\n<p>[\/et_pb_text][\/et_pb_column][\/et_pb_row][\/et_pb_section]<\/p>\n\n\t\t<\/div>\n\t<\/div>\n<\/div><\/div><\/div><\/div>","protected":false},"excerpt":{"rendered":"<p><div class=\"vc_row wpb_row vc_row-fluid\"><\/div><div class=\"wpb_column vc_column_container vc_col-sm-12\"><div class=\"vc_column-inner\"><div class=\"wpb_wrapper\"><\/div><\/div><\/div>\n\t<div class=\"wpb_text_column wpb_content_element\" >\n\t\t<div class=\"wpb_wrapper\">\n\t\t\t\n\t\t<\/div>\n\t<\/div>\nA kialakult j\u00e1rv\u00e1ny\u00fcgyi helyzetre val\u00f3 tekintettel ez\u00faton tisztelettel megk\u00e9rj\u00fck \u00d6n\u00f6ket, hogy \u00fcgyint\u00e9z\u00e9st els\u0151dlegesen elektronikus kapcsolattart\u00e1s \u00fatj\u00e1n \u00e9s telefonos \u00fcgyint\u00e9z\u00e9s ig\u00e9nybev\u00e9tel\u00e9vel int\u00e9zz\u00e9k.\u00a0 V\u00e9dj\u00fck meg egym\u00e1st \u00e9s magunkat! C\u00e9gadatok: Profinit\u00f3 Felsz\u00e1mol\u00f3 Kft. Telefon: +361-700-4220 H\u00e9tf\u0151, Kedd \u00e9s Cs\u00fct\u00f6rt\u00f6k: 10 &#8211; 15 \u00f3r\u00e1ig E-mail: info@profinito.hu Levelez\u00e9si c\u00edm: 1450 Budapest, Pf. 4. Sz\u00e9khely: 1094 Budapest, P\u00e1va utca 8. Nyitvatart\u00e1s: [&hellip;]<\/p>","protected":false},"author":1,"featured_media":0,"parent":0,"menu_order":0,"comment_status":"closed","ping_status":"closed","template":"","meta":{"_et_pb_use_builder":"on","_et_pb_old_content":"","_et_gb_content_width":"","footnotes":""},"class_list":["post-49","page","type-page","status-publish","hentry"],"_links":{"self":[{"href":"https:\/\/profinito.hu\/en\/wp-json\/wp\/v2\/pages\/49","targetHints":{"allow":["GET"]}}],"collection":[{"href":"https:\/\/profinito.hu\/en\/wp-json\/wp\/v2\/pages"}],"about":[{"href":"https:\/\/profinito.hu\/en\/wp-json\/wp\/v2\/types\/page"}],"author":[{"embeddable":true,"href":"https:\/\/profinito.hu\/en\/wp-json\/wp\/v2\/users\/1"}],"replies":[{"embeddable":true,"href":"https:\/\/profinito.hu\/en\/wp-json\/wp\/v2\/comments?post=49"}],"version-history":[{"count":12,"href":"https:\/\/profinito.hu\/en\/wp-json\/wp\/v2\/pages\/49\/revisions"}],"predecessor-version":[{"id":339,"href":"https:\/\/profinito.hu\/en\/wp-json\/wp\/v2\/pages\/49\/revisions\/339"}],"wp:attachment":[{"href":"https:\/\/profinito.hu\/en\/wp-json\/wp\/v2\/media?parent=49"}],"curies":[{"name":"wp","href":"https:\/\/api.w.org\/{rel}","templated":true}]}}